{"id":131395,"date":"2024-02-05T15:50:12","date_gmt":"2024-02-05T14:50:12","guid":{"rendered":"https:\/\/montessorikidsacademy-douala.com\/%d1%82%d1%80%d0%b5%d0%bd%d0%b8%d0%bd%d0%b3%d0%b8\/"},"modified":"2024-02-19T14:18:45","modified_gmt":"2024-02-19T14:18:45","slug":"%d1%82%d1%80%d0%b5%d0%bd%d0%b8%d0%bd%d0%b3%d0%b8","status":"publish","type":"page","link":"https:\/\/montessorikidsacademy-douala.com\/ru\/%d1%82%d1%80%d0%b5%d0%bd%d0%b8%d0%bd%d0%b3%d0%b8\/","title":{"rendered":"\u0422\u0420\u0415\u041d\u0418\u041d\u0413\u0418"},"content":{"rendered":"<div class=\"wpb-content-wrapper\"><p>[vc_row row_height_percent=&#187;55&#8243; override_padding=&#187;yes&#187; h_padding=&#187;2&#8243; top_padding=&#187;4&#8243; bottom_padding=&#187;4&#8243; back_image=&#187;131019&#8243; back_position=&#187;center center&#187; overlay_color=&#187;color-511368&#8243; overlay_alpha=&#187;75&#8243; gutter_size=&#187;3&#8243; column_width_percent=&#187;100&#8243; shift_y=&#187;0&#8243; z_index=&#187;0&#8243; enable_bottom_divider=&#187;default&#187; bottom_divider=&#187;gradient&#187; shape_bottom_h_use_pixel=&#187;true&#187; shape_bottom_height_percent=&#187;100&#8243; shape_bottom_opacity=&#187;50&#8243; shape_bottom_index=&#187;0&#8243; uncode_shortcode_id=&#187;242418&#8243; overlay_color_type=&#187;uncode-palette&#187;][vc_column column_width_percent=&#187;100&#8243; position_vertical=&#187;bottom&#187; gutter_size=&#187;3&#8243; style=&#187;dark&#187; overlay_alpha=&#187;50&#8243; shift_x=&#187;0&#8243; shift_y=&#187;0&#8243; medium_width=&#187;0&#8243; zoom_width=&#187;0&#8243; zoom_height=&#187;0&#8243; width=&#187;1\/1&#8243;][vc_custom_heading text_color=&#187;color-jevc&#187; heading_semantic=&#187;h1&#8243; text_font=&#187;font-139431&#8243; text_size=&#187;fontsize-704783&#8243; text_weight=&#187;500&#8243; sub_reduced=&#187;yes&#187; uncode_shortcode_id=&#187;196806&#8243; text_color_type=&#187;uncode-palette&#187;]\u041e\u0431\u0443\u0447\u0435\u043d\u0438\u0435 \u041c\u043e\u043d\u0442\u0435\u0441\u0441\u043e\u0440\u0438[\/vc_custom_heading][\/vc_column][\/vc_row][vc_row row_height_percent=&#187;0&#8243; override_padding=&#187;yes&#187; h_padding=&#187;5&#8243; top_padding=&#187;2&#8243; bottom_padding=&#187;2&#8243; back_color=&#187;color-779922&#8243; overlay_alpha=&#187;50&#8243; gutter_size=&#187;3&#8243; column_width_percent=&#187;100&#8243; shift_y=&#187;0&#8243; z_index=&#187;0&#8243; uncode_shortcode_id=&#187;859759&#8243; back_color_type=&#187;uncode-palette&#187;][vc_column column_width_percent=&#187;100&#8243; gutter_size=&#187;3&#8243; overlay_alpha=&#187;50&#8243; shift_x=&#187;0&#8243; shift_y=&#187;0&#8243; shift_y_down=&#187;0&#8243; z_index=&#187;0&#8243; medium_width=&#187;0&#8243; mobile_width=&#187;0&#8243; width=&#187;1\/1&#8243; uncode_shortcode_id=&#187;124284&#8243;][vc_column_text text_lead=&#187;yes&#187; uncode_shortcode_id=&#187;455085&#8243;]\u0423\u0445\u043e\u0434 \u0437\u0430 \u043c\u0430\u043b\u0435\u043d\u044c\u043a\u0438\u043c\u0438 \u0434\u0435\u0442\u044c\u043c\u0438 \u0438 \u0438\u0445 \u043e\u0431\u0443\u0447\u0435\u043d\u0438\u0435 \u0442\u0440\u0435\u0431\u0443\u044e\u0442 \u043e\u0442 \u043d\u0430\u0441 \u043f\u043e\u0441\u0442\u043e\u044f\u043d\u043d\u043e\u0433\u043e \u043e\u0431\u043d\u043e\u0432\u043b\u0435\u043d\u0438\u044f \u0437\u043d\u0430\u043d\u0438\u0439 \u0438 \u0443\u0441\u043e\u0432\u0435\u0440\u0448\u0435\u043d\u0441\u0442\u0432\u043e\u0432\u0430\u043d\u0438\u044f \u043f\u0440\u043e\u0444\u0435\u0441\u0441\u0438\u043e\u043d\u0430\u043b\u044c\u043d\u044b\u0445 \u043f\u0440\u0430\u043a\u0442\u0438\u043a. \u041c\u044b \u0440\u0435\u0433\u0443\u043b\u044f\u0440\u043d\u043e \u043f\u043e\u0432\u044b\u0448\u0430\u0435\u043c \u0441\u0432\u043e\u044e \u043a\u0432\u0430\u043b\u0438\u0444\u0438\u043a\u0430\u0446\u0438\u044e, \u043f\u0440\u043e\u0432\u043e\u0434\u044f \u0435\u0436\u0435\u043d\u0435\u0434\u0435\u043b\u044c\u043d\u044b\u0435 \u0442\u0440\u0435\u043d\u0438\u043d\u0433\u0438 \u0434\u043b\u044f \u043d\u0430\u0448\u0435\u0433\u043e \u043f\u0435\u0434\u0430\u0433\u043e\u0433\u0438\u0447\u0435\u0441\u043a\u043e\u0433\u043e \u043f\u0435\u0440\u0441\u043e\u043d\u0430\u043b\u0430.<\/p>\n<p>\u041d\u0430\u0448\u0438 \u0443\u0447\u0435\u0431\u043d\u044b\u0435 \u043a\u0443\u0440\u0441\u044b \u0442\u0430\u043a\u0436\u0435 \u043e\u0442\u043a\u0440\u044b\u0442\u044b \u0434\u043b\u044f \u043f\u0435\u0434\u0430\u0433\u043e\u0433\u0438\u0447\u0435\u0441\u043a\u043e\u0433\u043e \u043f\u0435\u0440\u0441\u043e\u043d\u0430\u043b\u0430 \u0434\u0440\u0443\u0433\u0438\u0445 \u0434\u0435\u0442\u0441\u043a\u0438\u0445 \u0443\u0447\u0440\u0435\u0436\u0434\u0435\u043d\u0438\u0439 \u0432 \u0414\u0443\u0430\u043b\u0435 (<a href=\"https:\/\/montessorikidsacademy-douala.com\/ru\/%d0%ba%d0%be%d0%bd%d1%82%d0%b0%d0%ba%d1%82%d0%bd%d1%8b%d0%b5-%d0%b4%d0%b0%d0%bd%d0%bd%d1%8b%d0%b5-%d1%80%d0%b0%d0%b1%d0%be%d1%82%d0%b0-%d1%83-%d0%bd%d0%b0%d1%81\/\"><i>\u043f\u043e\u0436\u0430\u043b\u0443\u0439\u0441\u0442\u0430, \u0441\u0432\u044f\u0436\u0438\u0442\u0435\u0441\u044c \u0441 \u0440\u0443\u043a\u043e\u0432\u043e\u0434\u0441\u0442\u0432\u043e\u043c \u0434\u043b\u044f \u043f\u043e\u043b\u0443\u0447\u0435\u043d\u0438\u044f \u0434\u043e\u043f\u043e\u043b\u043d\u0438\u0442\u0435\u043b\u044c\u043d\u043e\u0439 \u0438\u043d\u0444\u043e\u0440\u043c\u0430\u0446\u0438\u0438<\/i><\/a>). <strong>\u0422\u0435\u043c\u044b \u0442\u0440\u0435\u043d\u0438\u043d\u0433\u043e\u0432 \u0431\u0443\u0434\u0443\u0442 \u043e\u043f\u0443\u0431\u043b\u0438\u043a\u043e\u0432\u0430\u043d\u044b \u0437\u0434\u0435\u0441\u044c \u0432 \u0441\u0430\u043c\u043e\u0435 \u0431\u043b\u0438\u0436\u0430\u0439\u0448\u0435\u0435 \u0432\u0440\u0435\u043c\u044f.<\/strong>[\/vc_column_text][\/vc_column][\/vc_row]<\/p>\n<\/div>","protected":false},"excerpt":{"rendered":"<p>[vc_row row_height_percent=&#187;55&#8243; override_padding=&#187;yes&#187; h_padding=&#187;2&#8243; top_padding=&#187;4&#8243; bottom_padding=&#187;4&#8243; back_image=&#187;131019&#8243; back_position=&#187;center center&#187; overlay_color=&#187;color-511368&#8243; overlay_alpha=&#187;75&#8243; gutter_size=&#187;3&#8243; column_width_percent=&#187;100&#8243; shift_y=&#187;0&#8243; z_index=&#187;0&#8243; enable_bottom_divider=&#187;default&#187; bottom_divider=&#187;gradient&#187; shape_bottom_h_use_pixel=&#187;true&#187; shape_bottom_height_percent=&#187;100&#8243; shape_bottom_opacity=&#187;50&#8243; [&hellip;]<\/p>\n","protected":false},"author":1,"featured_media":131019,"parent":0,"menu_order":13,"comment_status":"closed","ping_status":"closed","template":"","meta":{"footnotes":""},"class_list":["post-131395","page","type-page","status-publish","has-post-thumbnail","hentry"],"yoast_head":"<!-- This site is optimized with the Yoast SEO plugin v27.5 - https:\/\/yoast.com\/product\/yoast-seo-wordpress\/ -->\n<title>\u0422\u0420\u0415\u041d\u0418\u041d\u0413\u0418 - Montessori Kids Academy - Douala<\/title>\n<meta name=\"description\" content=\"\u0414\u0435\u0442\u0441\u043a\u0430\u044f \u0410\u043a\u0430\u0434\u0435\u043c\u0438\u044f \u041c\u043e\u043d\u0442\u0435\u0441\u0441\u043e\u0440\u0438 (Montessori Kids Academy) \u043f\u0440\u0435\u0434\u043b\u0430\u0433\u0430\u0435\u0442 \u043f\u0440\u043e\u0444\u0435\u0441\u0441\u0438\u043e\u043d\u0430\u043b\u044c\u043d\u043e\u0435 \u043e\u0431\u0443\u0447\u0435\u043d\u0438\u0435. \u0414\u043b\u044f \u043f\u043e\u043b\u0443\u0447\u0435\u043d\u0438\u044f \u0431\u043e\u043b\u0435\u0435 \u043f\u043e\u0434\u0440\u043e\u0431\u043d\u043e\u0439 \u0438\u043d\u0444\u043e\u0440\u043c\u0430\u0446\u0438\u0438 \u0441\u0432\u044f\u0436\u0438\u0442\u0435\u0441\u044c \u0441 \u043d\u0430\u043c\u0438\" \/>\n<meta name=\"robots\" content=\"index, follow, max-snippet:-1, max-image-preview:large, max-video-preview:-1\" \/>\n<link rel=\"canonical\" href=\"https:\/\/montessorikidsacademy-douala.com\/ru\/%d1%82%d1%80%d0%b5%d0%bd%d0%b8%d0%bd%d0%b3%d0%b8\/\" \/>\n<meta property=\"og:locale\" content=\"ru_RU\" \/>\n<meta property=\"og:type\" content=\"article\" \/>\n<meta property=\"og:title\" content=\"\u0422\u0420\u0415\u041d\u0418\u041d\u0413\u0418 - Montessori Kids Academy - Douala\" \/>\n<meta property=\"og:description\" content=\"\u0414\u0435\u0442\u0441\u043a\u0430\u044f \u0410\u043a\u0430\u0434\u0435\u043c\u0438\u044f \u041c\u043e\u043d\u0442\u0435\u0441\u0441\u043e\u0440\u0438 (Montessori Kids Academy) \u043f\u0440\u0435\u0434\u043b\u0430\u0433\u0430\u0435\u0442 \u043f\u0440\u043e\u0444\u0435\u0441\u0441\u0438\u043e\u043d\u0430\u043b\u044c\u043d\u043e\u0435 \u043e\u0431\u0443\u0447\u0435\u043d\u0438\u0435. \u0414\u043b\u044f \u043f\u043e\u043b\u0443\u0447\u0435\u043d\u0438\u044f \u0431\u043e\u043b\u0435\u0435 \u043f\u043e\u0434\u0440\u043e\u0431\u043d\u043e\u0439 \u0438\u043d\u0444\u043e\u0440\u043c\u0430\u0446\u0438\u0438 \u0441\u0432\u044f\u0436\u0438\u0442\u0435\u0441\u044c \u0441 \u043d\u0430\u043c\u0438\" \/>\n<meta property=\"og:url\" content=\"https:\/\/montessorikidsacademy-douala.com\/ru\/%d1%82%d1%80%d0%b5%d0%bd%d0%b8%d0%bd%d0%b3%d0%b8\/\" \/>\n<meta property=\"og:site_name\" content=\"Montessori Kids Academy - Douala\" \/>\n<meta property=\"article:modified_time\" content=\"2024-02-19T14:18:45+00:00\" \/>\n<meta property=\"og:image\" content=\"https:\/\/montessorikidsacademy-douala.com\/wp-content\/uploads\/2024\/02\/Formations-Montessori-Douala-MKA.webp\" \/>\n\t<meta property=\"og:image:width\" content=\"1024\" \/>\n\t<meta property=\"og:image:height\" content=\"1024\" \/>\n\t<meta property=\"og:image:type\" content=\"image\/webp\" \/>\n<meta name=\"twitter:card\" content=\"summary_large_image\" \/>\n<meta name=\"twitter:label1\" content=\"\u041f\u0440\u0438\u043c\u0435\u0440\u043d\u043e\u0435 \u0432\u0440\u0435\u043c\u044f \u0434\u043b\u044f \u0447\u0442\u0435\u043d\u0438\u044f\" \/>\n\t<meta name=\"twitter:data1\" content=\"1 \u043c\u0438\u043d\u0443\u0442\u0430\" \/>\n<script type=\"application\/ld+json\" class=\"yoast-schema-graph\">{\"@context\":\"https:\\\/\\\/schema.org\",\"@graph\":[{\"@type\":\"WebPage\",\"@id\":\"https:\\\/\\\/montessorikidsacademy-douala.com\\\/ru\\\/%d1%82%d1%80%d0%b5%d0%bd%d0%b8%d0%bd%d0%b3%d0%b8\\\/\",\"url\":\"https:\\\/\\\/montessorikidsacademy-douala.com\\\/ru\\\/%d1%82%d1%80%d0%b5%d0%bd%d0%b8%d0%bd%d0%b3%d0%b8\\\/\",\"name\":\"\u0422\u0420\u0415\u041d\u0418\u041d\u0413\u0418 - Montessori Kids Academy - Douala\",\"isPartOf\":{\"@id\":\"https:\\\/\\\/montessorikidsacademy-douala.com\\\/ru\\\/#website\"},\"primaryImageOfPage\":{\"@id\":\"https:\\\/\\\/montessorikidsacademy-douala.com\\\/ru\\\/%d1%82%d1%80%d0%b5%d0%bd%d0%b8%d0%bd%d0%b3%d0%b8\\\/#primaryimage\"},\"image\":{\"@id\":\"https:\\\/\\\/montessorikidsacademy-douala.com\\\/ru\\\/%d1%82%d1%80%d0%b5%d0%bd%d0%b8%d0%bd%d0%b3%d0%b8\\\/#primaryimage\"},\"thumbnailUrl\":\"https:\\\/\\\/montessorikidsacademy-douala.com\\\/wp-content\\\/uploads\\\/2024\\\/02\\\/Formations-Montessori-Douala-MKA.webp\",\"datePublished\":\"2024-02-05T14:50:12+00:00\",\"dateModified\":\"2024-02-19T14:18:45+00:00\",\"description\":\"\u0414\u0435\u0442\u0441\u043a\u0430\u044f \u0410\u043a\u0430\u0434\u0435\u043c\u0438\u044f \u041c\u043e\u043d\u0442\u0435\u0441\u0441\u043e\u0440\u0438 (Montessori Kids Academy) \u043f\u0440\u0435\u0434\u043b\u0430\u0433\u0430\u0435\u0442 \u043f\u0440\u043e\u0444\u0435\u0441\u0441\u0438\u043e\u043d\u0430\u043b\u044c\u043d\u043e\u0435 \u043e\u0431\u0443\u0447\u0435\u043d\u0438\u0435. \u0414\u043b\u044f \u043f\u043e\u043b\u0443\u0447\u0435\u043d\u0438\u044f \u0431\u043e\u043b\u0435\u0435 \u043f\u043e\u0434\u0440\u043e\u0431\u043d\u043e\u0439 \u0438\u043d\u0444\u043e\u0440\u043c\u0430\u0446\u0438\u0438 \u0441\u0432\u044f\u0436\u0438\u0442\u0435\u0441\u044c \u0441 \u043d\u0430\u043c\u0438\",\"breadcrumb\":{\"@id\":\"https:\\\/\\\/montessorikidsacademy-douala.com\\\/ru\\\/%d1%82%d1%80%d0%b5%d0%bd%d0%b8%d0%bd%d0%b3%d0%b8\\\/#breadcrumb\"},\"inLanguage\":\"ru-RU\",\"potentialAction\":[{\"@type\":\"ReadAction\",\"target\":[\"https:\\\/\\\/montessorikidsacademy-douala.com\\\/ru\\\/%d1%82%d1%80%d0%b5%d0%bd%d0%b8%d0%bd%d0%b3%d0%b8\\\/\"]}]},{\"@type\":\"ImageObject\",\"inLanguage\":\"ru-RU\",\"@id\":\"https:\\\/\\\/montessorikidsacademy-douala.com\\\/ru\\\/%d1%82%d1%80%d0%b5%d0%bd%d0%b8%d0%bd%d0%b3%d0%b8\\\/#primaryimage\",\"url\":\"https:\\\/\\\/montessorikidsacademy-douala.com\\\/wp-content\\\/uploads\\\/2024\\\/02\\\/Formations-Montessori-Douala-MKA.webp\",\"contentUrl\":\"https:\\\/\\\/montessorikidsacademy-douala.com\\\/wp-content\\\/uploads\\\/2024\\\/02\\\/Formations-Montessori-Douala-MKA.webp\",\"width\":1024,\"height\":1024,\"caption\":\"Formations Montessori Douala - MKA\"},{\"@type\":\"BreadcrumbList\",\"@id\":\"https:\\\/\\\/montessorikidsacademy-douala.com\\\/ru\\\/%d1%82%d1%80%d0%b5%d0%bd%d0%b8%d0%bd%d0%b3%d0%b8\\\/#breadcrumb\",\"itemListElement\":[{\"@type\":\"ListItem\",\"position\":1,\"name\":\"Accueil\",\"item\":\"https:\\\/\\\/montessorikidsacademy-douala.com\\\/ru\\\/montessori-kids-academy-%d0%b4%d1%83%d0%b0%d0%bb%d0%b0\\\/\"},{\"@type\":\"ListItem\",\"position\":2,\"name\":\"\u0422\u0420\u0415\u041d\u0418\u041d\u0413\u0418\"}]},{\"@type\":\"WebSite\",\"@id\":\"https:\\\/\\\/montessorikidsacademy-douala.com\\\/ru\\\/#website\",\"url\":\"https:\\\/\\\/montessorikidsacademy-douala.com\\\/ru\\\/\",\"name\":\"Montessori Kids Academy - Douala\",\"description\":\"Cr\u00e8che &amp; \u00e9cole maternelle bilingues \u00e0 Douala\",\"potentialAction\":[{\"@type\":\"SearchAction\",\"target\":{\"@type\":\"EntryPoint\",\"urlTemplate\":\"https:\\\/\\\/montessorikidsacademy-douala.com\\\/ru\\\/?s={search_term_string}\"},\"query-input\":{\"@type\":\"PropertyValueSpecification\",\"valueRequired\":true,\"valueName\":\"search_term_string\"}}],\"inLanguage\":\"ru-RU\"}]}<\/script>\n<!-- \/ Yoast SEO plugin. -->","yoast_head_json":{"title":"\u0422\u0420\u0415\u041d\u0418\u041d\u0413\u0418 - Montessori Kids Academy - Douala","description":"\u0414\u0435\u0442\u0441\u043a\u0430\u044f \u0410\u043a\u0430\u0434\u0435\u043c\u0438\u044f \u041c\u043e\u043d\u0442\u0435\u0441\u0441\u043e\u0440\u0438 (Montessori Kids Academy) \u043f\u0440\u0435\u0434\u043b\u0430\u0433\u0430\u0435\u0442 \u043f\u0440\u043e\u0444\u0435\u0441\u0441\u0438\u043e\u043d\u0430\u043b\u044c\u043d\u043e\u0435 \u043e\u0431\u0443\u0447\u0435\u043d\u0438\u0435. \u0414\u043b\u044f \u043f\u043e\u043b\u0443\u0447\u0435\u043d\u0438\u044f \u0431\u043e\u043b\u0435\u0435 \u043f\u043e\u0434\u0440\u043e\u0431\u043d\u043e\u0439 \u0438\u043d\u0444\u043e\u0440\u043c\u0430\u0446\u0438\u0438 \u0441\u0432\u044f\u0436\u0438\u0442\u0435\u0441\u044c \u0441 \u043d\u0430\u043c\u0438","robots":{"index":"index","follow":"follow","max-snippet":"max-snippet:-1","max-image-preview":"max-image-preview:large","max-video-preview":"max-video-preview:-1"},"canonical":"https:\/\/montessorikidsacademy-douala.com\/ru\/%d1%82%d1%80%d0%b5%d0%bd%d0%b8%d0%bd%d0%b3%d0%b8\/","og_locale":"ru_RU","og_type":"article","og_title":"\u0422\u0420\u0415\u041d\u0418\u041d\u0413\u0418 - Montessori Kids Academy - Douala","og_description":"\u0414\u0435\u0442\u0441\u043a\u0430\u044f \u0410\u043a\u0430\u0434\u0435\u043c\u0438\u044f \u041c\u043e\u043d\u0442\u0435\u0441\u0441\u043e\u0440\u0438 (Montessori Kids Academy) \u043f\u0440\u0435\u0434\u043b\u0430\u0433\u0430\u0435\u0442 \u043f\u0440\u043e\u0444\u0435\u0441\u0441\u0438\u043e\u043d\u0430\u043b\u044c\u043d\u043e\u0435 \u043e\u0431\u0443\u0447\u0435\u043d\u0438\u0435. \u0414\u043b\u044f \u043f\u043e\u043b\u0443\u0447\u0435\u043d\u0438\u044f \u0431\u043e\u043b\u0435\u0435 \u043f\u043e\u0434\u0440\u043e\u0431\u043d\u043e\u0439 \u0438\u043d\u0444\u043e\u0440\u043c\u0430\u0446\u0438\u0438 \u0441\u0432\u044f\u0436\u0438\u0442\u0435\u0441\u044c \u0441 \u043d\u0430\u043c\u0438","og_url":"https:\/\/montessorikidsacademy-douala.com\/ru\/%d1%82%d1%80%d0%b5%d0%bd%d0%b8%d0%bd%d0%b3%d0%b8\/","og_site_name":"Montessori Kids Academy - Douala","article_modified_time":"2024-02-19T14:18:45+00:00","og_image":[{"width":1024,"height":1024,"url":"https:\/\/montessorikidsacademy-douala.com\/wp-content\/uploads\/2024\/02\/Formations-Montessori-Douala-MKA.webp","type":"image\/webp"}],"twitter_card":"summary_large_image","twitter_misc":{"\u041f\u0440\u0438\u043c\u0435\u0440\u043d\u043e\u0435 \u0432\u0440\u0435\u043c\u044f \u0434\u043b\u044f \u0447\u0442\u0435\u043d\u0438\u044f":"1 \u043c\u0438\u043d\u0443\u0442\u0430"},"schema":{"@context":"https:\/\/schema.org","@graph":[{"@type":"WebPage","@id":"https:\/\/montessorikidsacademy-douala.com\/ru\/%d1%82%d1%80%d0%b5%d0%bd%d0%b8%d0%bd%d0%b3%d0%b8\/","url":"https:\/\/montessorikidsacademy-douala.com\/ru\/%d1%82%d1%80%d0%b5%d0%bd%d0%b8%d0%bd%d0%b3%d0%b8\/","name":"\u0422\u0420\u0415\u041d\u0418\u041d\u0413\u0418 - Montessori Kids Academy - Douala","isPartOf":{"@id":"https:\/\/montessorikidsacademy-douala.com\/ru\/#website"},"primaryImageOfPage":{"@id":"https:\/\/montessorikidsacademy-douala.com\/ru\/%d1%82%d1%80%d0%b5%d0%bd%d0%b8%d0%bd%d0%b3%d0%b8\/#primaryimage"},"image":{"@id":"https:\/\/montessorikidsacademy-douala.com\/ru\/%d1%82%d1%80%d0%b5%d0%bd%d0%b8%d0%bd%d0%b3%d0%b8\/#primaryimage"},"thumbnailUrl":"https:\/\/montessorikidsacademy-douala.com\/wp-content\/uploads\/2024\/02\/Formations-Montessori-Douala-MKA.webp","datePublished":"2024-02-05T14:50:12+00:00","dateModified":"2024-02-19T14:18:45+00:00","description":"\u0414\u0435\u0442\u0441\u043a\u0430\u044f \u0410\u043a\u0430\u0434\u0435\u043c\u0438\u044f \u041c\u043e\u043d\u0442\u0435\u0441\u0441\u043e\u0440\u0438 (Montessori Kids Academy) \u043f\u0440\u0435\u0434\u043b\u0430\u0433\u0430\u0435\u0442 \u043f\u0440\u043e\u0444\u0435\u0441\u0441\u0438\u043e\u043d\u0430\u043b\u044c\u043d\u043e\u0435 \u043e\u0431\u0443\u0447\u0435\u043d\u0438\u0435. \u0414\u043b\u044f \u043f\u043e\u043b\u0443\u0447\u0435\u043d\u0438\u044f \u0431\u043e\u043b\u0435\u0435 \u043f\u043e\u0434\u0440\u043e\u0431\u043d\u043e\u0439 \u0438\u043d\u0444\u043e\u0440\u043c\u0430\u0446\u0438\u0438 \u0441\u0432\u044f\u0436\u0438\u0442\u0435\u0441\u044c \u0441 \u043d\u0430\u043c\u0438","breadcrumb":{"@id":"https:\/\/montessorikidsacademy-douala.com\/ru\/%d1%82%d1%80%d0%b5%d0%bd%d0%b8%d0%bd%d0%b3%d0%b8\/#breadcrumb"},"inLanguage":"ru-RU","potentialAction":[{"@type":"ReadAction","target":["https:\/\/montessorikidsacademy-douala.com\/ru\/%d1%82%d1%80%d0%b5%d0%bd%d0%b8%d0%bd%d0%b3%d0%b8\/"]}]},{"@type":"ImageObject","inLanguage":"ru-RU","@id":"https:\/\/montessorikidsacademy-douala.com\/ru\/%d1%82%d1%80%d0%b5%d0%bd%d0%b8%d0%bd%d0%b3%d0%b8\/#primaryimage","url":"https:\/\/montessorikidsacademy-douala.com\/wp-content\/uploads\/2024\/02\/Formations-Montessori-Douala-MKA.webp","contentUrl":"https:\/\/montessorikidsacademy-douala.com\/wp-content\/uploads\/2024\/02\/Formations-Montessori-Douala-MKA.webp","width":1024,"height":1024,"caption":"Formations Montessori Douala - MKA"},{"@type":"BreadcrumbList","@id":"https:\/\/montessorikidsacademy-douala.com\/ru\/%d1%82%d1%80%d0%b5%d0%bd%d0%b8%d0%bd%d0%b3%d0%b8\/#breadcrumb","itemListElement":[{"@type":"ListItem","position":1,"name":"Accueil","item":"https:\/\/montessorikidsacademy-douala.com\/ru\/montessori-kids-academy-%d0%b4%d1%83%d0%b0%d0%bb%d0%b0\/"},{"@type":"ListItem","position":2,"name":"\u0422\u0420\u0415\u041d\u0418\u041d\u0413\u0418"}]},{"@type":"WebSite","@id":"https:\/\/montessorikidsacademy-douala.com\/ru\/#website","url":"https:\/\/montessorikidsacademy-douala.com\/ru\/","name":"Montessori Kids Academy - Douala","description":"Cr\u00e8che &amp; \u00e9cole maternelle bilingues \u00e0 Douala","potentialAction":[{"@type":"SearchAction","target":{"@type":"EntryPoint","urlTemplate":"https:\/\/montessorikidsacademy-douala.com\/ru\/?s={search_term_string}"},"query-input":{"@type":"PropertyValueSpecification","valueRequired":true,"valueName":"search_term_string"}}],"inLanguage":"ru-RU"}]}},"_links":{"self":[{"href":"https:\/\/montessorikidsacademy-douala.com\/ru\/wp-json\/wp\/v2\/pages\/131395","targetHints":{"allow":["GET"]}}],"collection":[{"href":"https:\/\/montessorikidsacademy-douala.com\/ru\/wp-json\/wp\/v2\/pages"}],"about":[{"href":"https:\/\/montessorikidsacademy-douala.com\/ru\/wp-json\/wp\/v2\/types\/page"}],"author":[{"embeddable":true,"href":"https:\/\/montessorikidsacademy-douala.com\/ru\/wp-json\/wp\/v2\/users\/1"}],"replies":[{"embeddable":true,"href":"https:\/\/montessorikidsacademy-douala.com\/ru\/wp-json\/wp\/v2\/comments?post=131395"}],"version-history":[{"count":5,"href":"https:\/\/montessorikidsacademy-douala.com\/ru\/wp-json\/wp\/v2\/pages\/131395\/revisions"}],"predecessor-version":[{"id":131401,"href":"https:\/\/montessorikidsacademy-douala.com\/ru\/wp-json\/wp\/v2\/pages\/131395\/revisions\/131401"}],"wp:featuredmedia":[{"embeddable":true,"href":"https:\/\/montessorikidsacademy-douala.com\/ru\/wp-json\/wp\/v2\/media\/131019"}],"wp:attachment":[{"href":"https:\/\/montessorikidsacademy-douala.com\/ru\/wp-json\/wp\/v2\/media?parent=131395"}],"curies":[{"name":"wp","href":"https:\/\/api.w.org\/{rel}","templated":true}]}}