{"id":131457,"date":"2024-02-05T21:22:06","date_gmt":"2024-02-05T21:22:06","guid":{"rendered":"https:\/\/montessorikidsacademy-douala.com\/privacy-policy\/"},"modified":"2024-02-23T17:45:00","modified_gmt":"2024-02-23T17:45:00","slug":"privacy-policy","status":"publish","type":"page","link":"https:\/\/montessorikidsacademy-douala.com\/en\/privacy-policy\/","title":{"rendered":"Privacy Policy"},"content":{"rendered":"<div class=\"wpb-content-wrapper\"><p>[vc_row row_height_percent=&#8221;55&#8243; override_padding=&#8221;yes&#8221; h_padding=&#8221;2&#8243; top_padding=&#8221;4&#8243; bottom_padding=&#8221;4&#8243; back_image=&#8221;131113&#8243; back_position=&#8221;center center&#8221; overlay_color=&#8221;color-511368&#8243; overlay_alpha=&#8221;75&#8243; gutter_size=&#8221;3&#8243; column_width_percent=&#8221;100&#8243; shift_y=&#8221;0&#8243; z_index=&#8221;0&#8243; enable_bottom_divider=&#8221;default&#8221; bottom_divider=&#8221;gradient&#8221; shape_bottom_h_use_pixel=&#8221;true&#8221; shape_bottom_height_percent=&#8221;100&#8243; shape_bottom_opacity=&#8221;50&#8243; shape_bottom_index=&#8221;0&#8243; uncode_shortcode_id=&#8221;145003&#8243; overlay_color_type=&#8221;uncode-palette&#8221; shape_dividers=&#8221;&#8221;][vc_column column_width_percent=&#8221;100&#8243; position_vertical=&#8221;bottom&#8221; gutter_size=&#8221;3&#8243; style=&#8221;dark&#8221; overlay_alpha=&#8221;50&#8243; shift_x=&#8221;0&#8243; shift_y=&#8221;0&#8243; medium_width=&#8221;0&#8243; zoom_width=&#8221;0&#8243; zoom_height=&#8221;0&#8243; width=&#8221;1\/1&#8243;][vc_custom_heading text_color=&#8221;color-jevc&#8221; heading_semantic=&#8221;h1&#8243; text_font=&#8221;font-139431&#8243; text_size=&#8221;fontsize-704783&#8243; text_weight=&#8221;500&#8243; sub_reduced=&#8221;yes&#8221; uncode_shortcode_id=&#8221;193676&#8243; text_color_type=&#8221;uncode-palette&#8221;]Privacy Policy[\/vc_custom_heading][\/vc_column][\/vc_row][vc_row row_height_percent=&#8221;0&#8243; override_padding=&#8221;yes&#8221; h_padding=&#8221;2&#8243; top_padding=&#8221;5&#8243; bottom_padding=&#8221;5&#8243; back_color=&#8221;color-779922&#8243; overlay_alpha=&#8221;50&#8243; gutter_size=&#8221;3&#8243; column_width_percent=&#8221;100&#8243; shift_y=&#8221;0&#8243; z_index=&#8221;0&#8243; uncode_shortcode_id=&#8221;787593&#8243; back_color_type=&#8221;uncode-palette&#8221;][vc_column column_width_use_pixel=&#8221;yes&#8221; gutter_size=&#8221;4&#8243; override_padding=&#8221;yes&#8221; column_padding=&#8221;3&#8243; back_color=&#8221;color-xsdn&#8221; overlay_alpha=&#8221;50&#8243; shift_x=&#8221;0&#8243; shift_y=&#8221;0&#8243; shift_y_down=&#8221;0&#8243; z_index=&#8221;0&#8243; medium_width=&#8221;0&#8243; mobile_width=&#8221;0&#8243; radius=&#8221;std&#8221; width=&#8221;1\/1&#8243; column_width_pixel=&#8221;900&#8243;][vc_accordion no_toggle=&#8221;yes&#8221; typography=&#8221;advanced&#8221; gutter_simple=&#8221;0&#8243; titles_font=&#8221;font-555555&#8243; titles_size=&#8221;h4&#8243; active_tab=&#8221;1&#8243; uncode_shortcode_id=&#8221;163379&#8243;][vc_accordion_tab gutter_size=&#8221;2&#8243; column_padding=&#8221;2&#8243; title=&#8221;About&#8221; tab_id=&#8221;d21d5937-3bb0-215556789140011555679505952085a-cced&#8221;][vc_column_text uncode_shortcode_id=&#8221;173954&#8243;]Our website address is: montessorikidsacademy-douala.com[\/vc_column_text][\/vc_accordion_tab][vc_accordion_tab gutter_size=&#8221;2&#8243; column_padding=&#8221;2&#8243; title=&#8221;Information collected&#8221; tab_id=&#8221;6dad8f3c-7309-815556789140011555679505952085a-cced&#8221;][vc_column_text uncode_shortcode_id=&#8221;144628&#8243;]We use tools such as Google Analytics to track browsing data on our website, such as pages visited, time spent on the site and actions taken. This information is used to improve the user experience and optimize the content of our website.<\/p>\n<p>We do not collect personal data, such as names, email addresses or telephone numbers, unless you voluntarily provide it to us by filling out a contact form or making an inquiry.[\/vc_column_text][\/vc_accordion_tab][vc_accordion_tab gutter_size=&#8221;2&#8243; column_padding=&#8221;2&#8243; title=&#8221;Uses of cookies&#8221; tab_id=&#8221;9346230d-a835-915556789140011555679505952085a-cced&#8221;][vc_column_text uncode_shortcode_id=&#8221;196357&#8243;]Our website uses cookies to improve user experience and track browsing data. Cookies are small data files stored on your computer or mobile device that allow us to recognize your browser when you visit our website.<\/p>\n<p>Cookies allow us to store information such as your browsing preferences, so that we do not have to re-enter them each time you visit our site. They also allow us to track browsing statistics to improve the user experience and optimize the content of our website.<\/p>\n<p>You can choose to disable cookies by changing your browser settings, but this may affect the functionality of our website.<\/p>\n<p>We use third-party cookies such as Google Analytics to track browsing data on our site. These third-party cookies may track your actions on our website as well as other websites. For more information about the privacy policies and settings of these third-party tools, please visit their respective websites.[\/vc_column_text][\/vc_accordion_tab][vc_accordion_tab gutter_size=&#8221;2&#8243; column_padding=&#8221;2&#8243; title=&#8221;Use of information&#8221; tab_id=&#8221;1555679162900-3-11555679505952085a-cced&#8221;][vc_column_text uncode_shortcode_id=&#8221;836814&#8243;]The information collected on our website is used only to improve the user experience and optimize the content of our website. We do not share this information with third parties for commercial purposes.<\/p>\n<p>If you provide us with personal information by filling out a contact form or making an inquiry, we will only use that information to respond to your request and will not share it with third parties unless you expressly authorize us to do so.[\/vc_column_text][\/vc_accordion_tab][vc_accordion_tab gutter_size=&#8221;2&#8243; column_padding=&#8221;2&#8243; title=&#8221;Information Protection&#8221; tab_id=&#8221;1707167833235-4-2&#8243;][vc_column_text uncode_shortcode_id=&#8221;210314&#8243;]We take security measures to protect your information from unauthorized access, disclosure, modification or destruction. We use standard security technologies, such as firewalls and SSL encryption, to protect your information.<\/p>\n<p>Although we implement security measures to protect your information, absolute security cannot be guaranteed.[\/vc_column_text][\/vc_accordion_tab][vc_accordion_tab gutter_size=&#8221;2&#8243; column_padding=&#8221;2&#8243; title=&#8221;Spam protection&#8221; tab_id=&#8221;1707168083923-5-0&#8243;][vc_column_text uncode_shortcode_id=&#8221;101764&#8243;]This site is protected by reCAPTCHA and Google:<br \/>\n<a href=\"https:\/\/policies.google.com\/privacy\">Privacy Policy<\/a> and <a href=\"https:\/\/policies.google.com\/terms\">Terms of Use<\/a>[\/vc_column_text][\/vc_accordion_tab][vc_accordion_tab gutter_size=&#8221;2&#8243; column_padding=&#8221;2&#8243; title=&#8221;Modification of this policy&#8221; tab_id=&#8221;1707168102931-6-5&#8243;][vc_column_text uncode_shortcode_id=&#8221;917755&#8243;]We reserve the right to modify this privacy policy at any time. Any changes will be effective immediately upon posting on our website.[\/vc_column_text][\/vc_accordion_tab][\/vc_accordion][\/vc_column][\/vc_row]<\/p>\n<\/div>","protected":false},"excerpt":{"rendered":"<p>[vc_row row_height_percent=&#8221;55&#8243; override_padding=&#8221;yes&#8221; h_padding=&#8221;2&#8243; top_padding=&#8221;4&#8243; bottom_padding=&#8221;4&#8243; back_image=&#8221;131113&#8243; back_position=&#8221;center center&#8221; overlay_color=&#8221;color-511368&#8243; overlay_alpha=&#8221;75&#8243; gutter_size=&#8221;3&#8243; column_width_percent=&#8221;100&#8243; shift_y=&#8221;0&#8243; z_index=&#8221;0&#8243; enable_bottom_divider=&#8221;default&#8221; bottom_divider=&#8221;gradient&#8221; shape_bottom_h_use_pixel=&#8221;true&#8221; shape_bottom_height_percent=&#8221;100&#8243; shape_bottom_opacity=&#8221;50&#8243; [&hellip;]<\/p>\n","protected":false},"author":1,"featured_media":131113,"parent":0,"menu_order":18,"comment_status":"closed","ping_status":"closed","template":"","meta":{"footnotes":""},"class_list":["post-131457","page","type-page","status-publish","has-post-thumbnail","hentry"],"yoast_head":"<!-- This site is optimized with the Yoast SEO plugin v27.5 - https:\/\/yoast.com\/product\/yoast-seo-wordpress\/ -->\n<title>Privacy Policy - Montessori Kids Academy - Douala<\/title>\n<meta name=\"description\" content=\"Discover the privacy policy of Montessori Kids Academy, a bilingual nursery and nursery school in Douala (Cameroon).\" \/>\n<meta name=\"robots\" content=\"index, follow, max-snippet:-1, max-image-preview:large, max-video-preview:-1\" \/>\n<link rel=\"canonical\" href=\"https:\/\/montessorikidsacademy-douala.com\/en\/privacy-policy\/\" \/>\n<meta property=\"og:locale\" content=\"en_US\" \/>\n<meta property=\"og:type\" content=\"article\" \/>\n<meta property=\"og:title\" content=\"Privacy Policy - Montessori Kids Academy - Douala\" \/>\n<meta property=\"og:description\" content=\"Discover the privacy policy of Montessori Kids Academy, a bilingual nursery and nursery school in Douala (Cameroon).\" \/>\n<meta property=\"og:url\" content=\"https:\/\/montessorikidsacademy-douala.com\/en\/privacy-policy\/\" \/>\n<meta property=\"og:site_name\" content=\"Montessori Kids Academy - Douala\" \/>\n<meta property=\"article:modified_time\" content=\"2024-02-23T17:45:00+00:00\" \/>\n<meta property=\"og:image\" content=\"https:\/\/montessorikidsacademy-douala.com\/wp-content\/uploads\/2024\/02\/Politique-de-confidentialite.webp\" \/>\n\t<meta property=\"og:image:width\" content=\"1024\" \/>\n\t<meta property=\"og:image:height\" content=\"1024\" \/>\n\t<meta property=\"og:image:type\" content=\"image\/webp\" \/>\n<meta name=\"twitter:card\" content=\"summary_large_image\" \/>\n<meta name=\"twitter:label1\" content=\"Est. reading time\" \/>\n\t<meta name=\"twitter:data1\" content=\"4 minutes\" \/>\n<script type=\"application\/ld+json\" class=\"yoast-schema-graph\">{\"@context\":\"https:\\\/\\\/schema.org\",\"@graph\":[{\"@type\":\"WebPage\",\"@id\":\"https:\\\/\\\/montessorikidsacademy-douala.com\\\/en\\\/privacy-policy\\\/\",\"url\":\"https:\\\/\\\/montessorikidsacademy-douala.com\\\/en\\\/privacy-policy\\\/\",\"name\":\"Privacy Policy - Montessori Kids Academy - Douala\",\"isPartOf\":{\"@id\":\"https:\\\/\\\/montessorikidsacademy-douala.com\\\/en\\\/#website\"},\"primaryImageOfPage\":{\"@id\":\"https:\\\/\\\/montessorikidsacademy-douala.com\\\/en\\\/privacy-policy\\\/#primaryimage\"},\"image\":{\"@id\":\"https:\\\/\\\/montessorikidsacademy-douala.com\\\/en\\\/privacy-policy\\\/#primaryimage\"},\"thumbnailUrl\":\"https:\\\/\\\/montessorikidsacademy-douala.com\\\/wp-content\\\/uploads\\\/2024\\\/02\\\/Politique-de-confidentialite.webp\",\"datePublished\":\"2024-02-05T21:22:06+00:00\",\"dateModified\":\"2024-02-23T17:45:00+00:00\",\"description\":\"Discover the privacy policy of Montessori Kids Academy, a bilingual nursery and nursery school in Douala (Cameroon).\",\"breadcrumb\":{\"@id\":\"https:\\\/\\\/montessorikidsacademy-douala.com\\\/en\\\/privacy-policy\\\/#breadcrumb\"},\"inLanguage\":\"en-US\",\"potentialAction\":[{\"@type\":\"ReadAction\",\"target\":[\"https:\\\/\\\/montessorikidsacademy-douala.com\\\/en\\\/privacy-policy\\\/\"]}]},{\"@type\":\"ImageObject\",\"inLanguage\":\"en-US\",\"@id\":\"https:\\\/\\\/montessorikidsacademy-douala.com\\\/en\\\/privacy-policy\\\/#primaryimage\",\"url\":\"https:\\\/\\\/montessorikidsacademy-douala.com\\\/wp-content\\\/uploads\\\/2024\\\/02\\\/Politique-de-confidentialite.webp\",\"contentUrl\":\"https:\\\/\\\/montessorikidsacademy-douala.com\\\/wp-content\\\/uploads\\\/2024\\\/02\\\/Politique-de-confidentialite.webp\",\"width\":1024,\"height\":1024,\"caption\":\"Politique de confidentialite\"},{\"@type\":\"BreadcrumbList\",\"@id\":\"https:\\\/\\\/montessorikidsacademy-douala.com\\\/en\\\/privacy-policy\\\/#breadcrumb\",\"itemListElement\":[{\"@type\":\"ListItem\",\"position\":1,\"name\":\"Accueil\",\"item\":\"https:\\\/\\\/montessorikidsacademy-douala.com\\\/en\\\/montessori-kids-academy-douala\\\/\"},{\"@type\":\"ListItem\",\"position\":2,\"name\":\"Privacy Policy\"}]},{\"@type\":\"WebSite\",\"@id\":\"https:\\\/\\\/montessorikidsacademy-douala.com\\\/en\\\/#website\",\"url\":\"https:\\\/\\\/montessorikidsacademy-douala.com\\\/en\\\/\",\"name\":\"Montessori Kids Academy - Douala\",\"description\":\"Cr\u00e8che &amp; \u00e9cole maternelle bilingues \u00e0 Douala\",\"potentialAction\":[{\"@type\":\"SearchAction\",\"target\":{\"@type\":\"EntryPoint\",\"urlTemplate\":\"https:\\\/\\\/montessorikidsacademy-douala.com\\\/en\\\/?s={search_term_string}\"},\"query-input\":{\"@type\":\"PropertyValueSpecification\",\"valueRequired\":true,\"valueName\":\"search_term_string\"}}],\"inLanguage\":\"en-US\"}]}<\/script>\n<!-- \/ Yoast SEO plugin. -->","yoast_head_json":{"title":"Privacy Policy - Montessori Kids Academy - Douala","description":"Discover the privacy policy of Montessori Kids Academy, a bilingual nursery and nursery school in Douala (Cameroon).","robots":{"index":"index","follow":"follow","max-snippet":"max-snippet:-1","max-image-preview":"max-image-preview:large","max-video-preview":"max-video-preview:-1"},"canonical":"https:\/\/montessorikidsacademy-douala.com\/en\/privacy-policy\/","og_locale":"en_US","og_type":"article","og_title":"Privacy Policy - Montessori Kids Academy - Douala","og_description":"Discover the privacy policy of Montessori Kids Academy, a bilingual nursery and nursery school in Douala (Cameroon).","og_url":"https:\/\/montessorikidsacademy-douala.com\/en\/privacy-policy\/","og_site_name":"Montessori Kids Academy - Douala","article_modified_time":"2024-02-23T17:45:00+00:00","og_image":[{"width":1024,"height":1024,"url":"https:\/\/montessorikidsacademy-douala.com\/wp-content\/uploads\/2024\/02\/Politique-de-confidentialite.webp","type":"image\/webp"}],"twitter_card":"summary_large_image","twitter_misc":{"Est. reading time":"4 minutes"},"schema":{"@context":"https:\/\/schema.org","@graph":[{"@type":"WebPage","@id":"https:\/\/montessorikidsacademy-douala.com\/en\/privacy-policy\/","url":"https:\/\/montessorikidsacademy-douala.com\/en\/privacy-policy\/","name":"Privacy Policy - Montessori Kids Academy - Douala","isPartOf":{"@id":"https:\/\/montessorikidsacademy-douala.com\/en\/#website"},"primaryImageOfPage":{"@id":"https:\/\/montessorikidsacademy-douala.com\/en\/privacy-policy\/#primaryimage"},"image":{"@id":"https:\/\/montessorikidsacademy-douala.com\/en\/privacy-policy\/#primaryimage"},"thumbnailUrl":"https:\/\/montessorikidsacademy-douala.com\/wp-content\/uploads\/2024\/02\/Politique-de-confidentialite.webp","datePublished":"2024-02-05T21:22:06+00:00","dateModified":"2024-02-23T17:45:00+00:00","description":"Discover the privacy policy of Montessori Kids Academy, a bilingual nursery and nursery school in Douala (Cameroon).","breadcrumb":{"@id":"https:\/\/montessorikidsacademy-douala.com\/en\/privacy-policy\/#breadcrumb"},"inLanguage":"en-US","potentialAction":[{"@type":"ReadAction","target":["https:\/\/montessorikidsacademy-douala.com\/en\/privacy-policy\/"]}]},{"@type":"ImageObject","inLanguage":"en-US","@id":"https:\/\/montessorikidsacademy-douala.com\/en\/privacy-policy\/#primaryimage","url":"https:\/\/montessorikidsacademy-douala.com\/wp-content\/uploads\/2024\/02\/Politique-de-confidentialite.webp","contentUrl":"https:\/\/montessorikidsacademy-douala.com\/wp-content\/uploads\/2024\/02\/Politique-de-confidentialite.webp","width":1024,"height":1024,"caption":"Politique de confidentialite"},{"@type":"BreadcrumbList","@id":"https:\/\/montessorikidsacademy-douala.com\/en\/privacy-policy\/#breadcrumb","itemListElement":[{"@type":"ListItem","position":1,"name":"Accueil","item":"https:\/\/montessorikidsacademy-douala.com\/en\/montessori-kids-academy-douala\/"},{"@type":"ListItem","position":2,"name":"Privacy Policy"}]},{"@type":"WebSite","@id":"https:\/\/montessorikidsacademy-douala.com\/en\/#website","url":"https:\/\/montessorikidsacademy-douala.com\/en\/","name":"Montessori Kids Academy - Douala","description":"Cr\u00e8che &amp; \u00e9cole maternelle bilingues \u00e0 Douala","potentialAction":[{"@type":"SearchAction","target":{"@type":"EntryPoint","urlTemplate":"https:\/\/montessorikidsacademy-douala.com\/en\/?s={search_term_string}"},"query-input":{"@type":"PropertyValueSpecification","valueRequired":true,"valueName":"search_term_string"}}],"inLanguage":"en-US"}]}},"_links":{"self":[{"href":"https:\/\/montessorikidsacademy-douala.com\/en\/wp-json\/wp\/v2\/pages\/131457","targetHints":{"allow":["GET"]}}],"collection":[{"href":"https:\/\/montessorikidsacademy-douala.com\/en\/wp-json\/wp\/v2\/pages"}],"about":[{"href":"https:\/\/montessorikidsacademy-douala.com\/en\/wp-json\/wp\/v2\/types\/page"}],"author":[{"embeddable":true,"href":"https:\/\/montessorikidsacademy-douala.com\/en\/wp-json\/wp\/v2\/users\/1"}],"replies":[{"embeddable":true,"href":"https:\/\/montessorikidsacademy-douala.com\/en\/wp-json\/wp\/v2\/comments?post=131457"}],"version-history":[{"count":5,"href":"https:\/\/montessorikidsacademy-douala.com\/en\/wp-json\/wp\/v2\/pages\/131457\/revisions"}],"predecessor-version":[{"id":131462,"href":"https:\/\/montessorikidsacademy-douala.com\/en\/wp-json\/wp\/v2\/pages\/131457\/revisions\/131462"}],"wp:featuredmedia":[{"embeddable":true,"href":"https:\/\/montessorikidsacademy-douala.com\/en\/wp-json\/wp\/v2\/media\/131113"}],"wp:attachment":[{"href":"https:\/\/montessorikidsacademy-douala.com\/en\/wp-json\/wp\/v2\/media?parent=131457"}],"curies":[{"name":"wp","href":"https:\/\/api.w.org\/{rel}","templated":true}]}}